{"id":2905,"date":"2025-04-23T23:51:51","date_gmt":"2025-04-23T20:51:51","guid":{"rendered":"https:\/\/dreliisrael.com\/?page_id=2905"},"modified":"2025-12-09T00:55:29","modified_gmt":"2025-12-08T21:55:29","slug":"acerca-del-dr-ali","status":"publish","type":"page","link":"https:\/\/drelisblog.com\/es\/acerca-del-dr-ali\/","title":{"rendered":"Acerca de"},"content":{"rendered":"<p><img decoding=\"async\" width=\"300\" height=\"270\" src=\"https:\/\/drelisblog.com\/wp-content\/uploads\/2025\/10\/4X4-DR.-ELI-NEW-BEST-300x270.png\" alt=\"\" loading=\"lazy\" \/>\t\t\t\t\t\t\t\t\t\t\t\t\t\t\t<\/p>\n<p>Dr. Eli Lizorkin-Eyzenberg es el decano acad\u00e9mico del <a href=\"https:\/\/israelbiblicalstudies.com\/\" target=\"_blank\" rel=\"noopener\"><strong>Israel Institute of Biblical Studies<\/strong><\/a> y del <a href=\"https:\/\/israelbiblecenter.com\/\" target=\"_blank\" rel=\"noopener\"><strong>Israel Bible Center<\/strong><\/a>. Tiene un M.Div. del <a href=\"https:\/\/rts.edu\/campuses\/orlando\/\" target=\"_blank\" rel=\"noopener\">Reformed Theological Seminary<\/a> (2000), un M.Phil. en Interpretaci\u00f3n B\u00edblica (2007) y un Ph.D. en Estudios Antiguos de la <a href=\"https:\/\/www.sun.ac.za\/english\/faculty\/arts\/ancient-studies\" target=\"_blank\" rel=\"noopener\">Stellenbosch University<\/a> (2011). Su investigaci\u00f3n doctoral incluy\u00f3 estudios en la <a href=\"https:\/\/en.huji.ac.il\/\" target=\"_blank\" rel=\"noopener\">Hebrew University of Jerusalem<\/a>, el <a href=\"https:\/\/ptsem.edu\/\" target=\"_blank\" rel=\"noopener\">Princeton Theological Seminary<\/a> y la <a href=\"https:\/\/www.universiteitleiden.nl\/en\/education\" target=\"_blank\" rel=\"noopener\">Leiden University<\/a>. Ha publicado <a href=\"https:\/\/www.amazon.com\/stores\/Eli-Lizorkin-Eyzenberg\/author\/B0135PJVWE?ref=ap_rdr&amp;isDramIntegrated=true&amp;shoppingPortalEnabled=true&amp;ccs_id=0a0e4abc-dc99-4409-bc2e-a432ff44fb17\" target=\"_blank\" rel=\"noopener\">numerosos libros<\/a> y art\u00edculos. Su obra incluye una monograf\u00eda en la prestigiosa serie <a href=\"https:\/\/www.peeters-leuven.be\/detail.php?search_key=9789042925748&amp;series_number_str=642&amp;lang=en\" target=\"_blank\" rel=\"noopener\">Corpus Scriptorum Christianorum Orientalium<\/a>. Cofund\u00f3 la revista acad\u00e9mica revisada por pares <a href=\"https:\/\/www.jjmjs.org\/\" target=\"_blank\" rel=\"noopener\">Journal of the Jesus Movement in Its Jewish Setting<\/a>. Habla con fluidez ingl\u00e9s, hebreo y ruso; ama a los perros y gatos, las pel\u00edculas de Pirates of the Caribbean y la serie Seinfeld. \u00a1Ac\u00e9ptalo!<\/p>\n<p>Si deseas apoyar al Dr. Eli, haz clic <a href=\"https:\/\/drelisblog.com\/es\/donate\/?utm_source=cta&#038;utm_medium=page&#038;utm_campaign=page-cta-about\" target=\"_blank\" rel=\"noopener\">aqu\u00ed<\/a>. \u00a1Esto permitir\u00e1 que el Dr. Eli haga crecer este importante ministerio! (Realmente se necesita).<\/p>\n<p>Los lectores de los libros del Dr. Eli Lizorkin-Eyzenberg destacan con frecuencia varios aspectos clave de su escritura:<\/p>\n<p><strong>Erudici\u00f3n accesible:<\/strong> Muchos aprecian c\u00f3mo hace que los temas b\u00edblicos e hist\u00f3ricos complejos sean atractivos tanto para acad\u00e9micos como para lectores comunes, evitando el lenguaje t\u00e9cnico sin sacrificar profundidad.<\/p>\n<p><strong>Contexto jud\u00edo del cristianismo:<\/strong> Su enfoque en las ra\u00edces jud\u00edas del Nuevo Testamento y del cristianismo primitivo resuena profundamente, ofreciendo perspectivas frescas que desaf\u00edan las suposiciones tradicionales.<\/p>\n<p><strong>Enfoque equilibrado:<\/strong> Los lectores se\u00f1alan su tratamiento justo de los temas controvertidos, presentando la evidencia sin sesgo excesivo, lo cual atrae tanto al p\u00fablico cristiano como al jud\u00edo.<\/p>\n<p><strong>Estilo atractivo:<\/strong> Su escritura suele describirse como viva, a veces humor\u00edstica y llena de an\u00e9cdotas personales, haciendo que la historia antigua se sienta relevante.<\/p>\n<p><strong>Impacto en la fe y el estudio:<\/strong> Muchos informan que sus libros profundizan su comprensi\u00f3n de las Escrituras, impuls\u00e1ndolos a reconsiderar pasajes familiares a la luz del contexto hist\u00f3rico y cultural.<\/p>\n<div class=\"_df_book df-lite\" id=\"df_3535\"  _slug=\"3535\" data-title=\"dr-eli-8217-s-kit\" wpoptions=\"true\" thumbtype=\"\" ><\/div><script class=\"df-shortcode-script\" nowprocket type=\"application\/javascript\">window.option_df_3535 = {\"outline\":[],\"autoEnableOutline\":\"false\",\"autoEnableThumbnail\":\"false\",\"overwritePDFOutline\":\"false\",\"direction\":\"1\",\"pageSize\":\"0\",\"source\":\"https:\\\/\\\/drelisblog.com\\\/wp-content\\\/uploads\\\/2025\\\/05\\\/Dr.-Eli-press-KIT.pdf\",\"wpOptions\":\"true\"}; if(window.DFLIP && window.DFLIP.parseBooks){window.DFLIP.parseBooks();}<\/script>\n","protected":false},"excerpt":{"rendered":"<p>Dr. Eli Lizorkin-Eyzenberg es el decano acad\u00e9mico del Israel Institute of Biblical Studies y del Israel Bible Center. Tiene un M.Div. del Reformed Theological Seminary (2000), un M.Phil. en Interpretaci\u00f3n B\u00edblica (2007) y un Ph.D. en Estudios Antiguos de la Stellenbosch University (2011). Su investigaci\u00f3n doctoral incluy\u00f3 estudios en la Hebrew University of Jerusalem, el [&hellip;]<\/p>\n","protected":false},"author":1,"featured_media":0,"parent":0,"menu_order":0,"comment_status":"open","ping_status":"closed","template":"page-templates\/page-about.php","meta":{"give_campaign_id":0,"footnotes":""},"class_list":["post-2905","page","type-page","status-publish"],"yoast_head":"<!-- This site is optimized with the Yoast SEO Premium plugin v26.3 (Yoast SEO v26.6) - https:\/\/yoast.com\/wordpress\/plugins\/seo\/ -->\n<title>Acerca de - Dr. Eli&#039;s Author Blog<\/title>\n<meta name=\"robots\" content=\"noindex, follow, max-snippet:-1, max-image-preview:large, max-video-preview:-1\" \/>\n<script type=\"application\/ld+json\" class=\"yoast-schema-graph\">{\"@context\":\"https:\/\/schema.org\",\"@graph\":[{\"@type\":\"WebPage\",\"@id\":\"https:\/\/drelisblog.com\/es\/acerca-del-dr-ali\/\",\"url\":\"https:\/\/drelisblog.com\/es\/acerca-del-dr-ali\/\",\"name\":\"Acerca de - Dr. Eli&#039;s Author Blog\",\"isPartOf\":{\"@id\":\"https:\/\/drelisblog.com\/#website\"},\"primaryImageOfPage\":{\"@id\":\"https:\/\/drelisblog.com\/es\/acerca-del-dr-ali\/#primaryimage\"},\"image\":{\"@id\":\"https:\/\/drelisblog.com\/es\/acerca-del-dr-ali\/#primaryimage\"},\"thumbnailUrl\":\"https:\/\/drelisblog.com\/wp-content\/uploads\/2025\/10\/4X4-DR.-ELI-NEW-BEST-300x270.png\",\"datePublished\":\"2025-04-23T20:51:51+00:00\",\"dateModified\":\"2025-12-08T21:55:29+00:00\",\"breadcrumb\":{\"@id\":\"https:\/\/drelisblog.com\/es\/acerca-del-dr-ali\/#breadcrumb\"},\"inLanguage\":\"es\",\"potentialAction\":[{\"@type\":\"ReadAction\",\"target\":[\"https:\/\/drelisblog.com\/es\/acerca-del-dr-ali\/\"]}]},{\"@type\":\"ImageObject\",\"inLanguage\":\"es\",\"@id\":\"https:\/\/drelisblog.com\/es\/acerca-del-dr-ali\/#primaryimage\",\"url\":\"https:\/\/drelisblog.com\/wp-content\/uploads\/2025\/10\/4X4-DR.-ELI-NEW-BEST-300x270.png\",\"contentUrl\":\"https:\/\/drelisblog.com\/wp-content\/uploads\/2025\/10\/4X4-DR.-ELI-NEW-BEST-300x270.png\"},{\"@type\":\"BreadcrumbList\",\"@id\":\"https:\/\/drelisblog.com\/es\/acerca-del-dr-ali\/#breadcrumb\",\"itemListElement\":[{\"@type\":\"ListItem\",\"position\":1,\"name\":\"Home\",\"item\":\"https:\/\/drelisblog.com\/es\/\"},{\"@type\":\"ListItem\",\"position\":2,\"name\":\"Acerca de\"}]},{\"@type\":\"WebSite\",\"@id\":\"https:\/\/drelisblog.com\/#website\",\"url\":\"https:\/\/drelisblog.com\/\",\"name\":\"Dr Eli's Blog\",\"description\":\"\",\"publisher\":{\"@id\":\"https:\/\/drelisblog.com\/#\/schema\/person\/60f4a0c10ba754b71c7dc2ab8234ec98\"},\"potentialAction\":[{\"@type\":\"SearchAction\",\"target\":{\"@type\":\"EntryPoint\",\"urlTemplate\":\"https:\/\/drelisblog.com\/?s={search_term_string}\"},\"query-input\":{\"@type\":\"PropertyValueSpecification\",\"valueRequired\":true,\"valueName\":\"search_term_string\"}}],\"inLanguage\":\"es\"},{\"@type\":[\"Person\",\"Organization\"],\"@id\":\"https:\/\/drelisblog.com\/#\/schema\/person\/60f4a0c10ba754b71c7dc2ab8234ec98\",\"name\":\"Dr. Eli (Eliyahu) Lizorkin-Girzhel\",\"image\":{\"@type\":\"ImageObject\",\"inLanguage\":\"es\",\"@id\":\"https:\/\/drelisblog.com\/#\/schema\/person\/image\/\",\"url\":\"https:\/\/drelisblog.com\/wp-content\/uploads\/2025\/04\/logo-scaled.png\",\"contentUrl\":\"https:\/\/drelisblog.com\/wp-content\/uploads\/2025\/04\/logo-scaled.png\",\"width\":2560,\"height\":470,\"caption\":\"Dr. Eli (Eliyahu) Lizorkin-Girzhel\"},\"logo\":{\"@id\":\"https:\/\/drelisblog.com\/#\/schema\/person\/image\/\"},\"sameAs\":[\"https:\/\/drelisblog.com\"]}]}<\/script>\n<!-- \/ Yoast SEO Premium plugin. -->","yoast_head_json":{"title":"Acerca de - Dr. Eli&#039;s Author Blog","robots":{"index":"noindex","follow":"follow","max-snippet":"max-snippet:-1","max-image-preview":"max-image-preview:large","max-video-preview":"max-video-preview:-1"},"schema":{"@context":"https:\/\/schema.org","@graph":[{"@type":"WebPage","@id":"https:\/\/drelisblog.com\/es\/acerca-del-dr-ali\/","url":"https:\/\/drelisblog.com\/es\/acerca-del-dr-ali\/","name":"Acerca de - Dr. Eli&#039;s Author Blog","isPartOf":{"@id":"https:\/\/drelisblog.com\/#website"},"primaryImageOfPage":{"@id":"https:\/\/drelisblog.com\/es\/acerca-del-dr-ali\/#primaryimage"},"image":{"@id":"https:\/\/drelisblog.com\/es\/acerca-del-dr-ali\/#primaryimage"},"thumbnailUrl":"https:\/\/drelisblog.com\/wp-content\/uploads\/2025\/10\/4X4-DR.-ELI-NEW-BEST-300x270.png","datePublished":"2025-04-23T20:51:51+00:00","dateModified":"2025-12-08T21:55:29+00:00","breadcrumb":{"@id":"https:\/\/drelisblog.com\/es\/acerca-del-dr-ali\/#breadcrumb"},"inLanguage":"es","potentialAction":[{"@type":"ReadAction","target":["https:\/\/drelisblog.com\/es\/acerca-del-dr-ali\/"]}]},{"@type":"ImageObject","inLanguage":"es","@id":"https:\/\/drelisblog.com\/es\/acerca-del-dr-ali\/#primaryimage","url":"https:\/\/drelisblog.com\/wp-content\/uploads\/2025\/10\/4X4-DR.-ELI-NEW-BEST-300x270.png","contentUrl":"https:\/\/drelisblog.com\/wp-content\/uploads\/2025\/10\/4X4-DR.-ELI-NEW-BEST-300x270.png"},{"@type":"BreadcrumbList","@id":"https:\/\/drelisblog.com\/es\/acerca-del-dr-ali\/#breadcrumb","itemListElement":[{"@type":"ListItem","position":1,"name":"Home","item":"https:\/\/drelisblog.com\/es\/"},{"@type":"ListItem","position":2,"name":"Acerca de"}]},{"@type":"WebSite","@id":"https:\/\/drelisblog.com\/#website","url":"https:\/\/drelisblog.com\/","name":"Dr Eli's Blog","description":"","publisher":{"@id":"https:\/\/drelisblog.com\/#\/schema\/person\/60f4a0c10ba754b71c7dc2ab8234ec98"},"potentialAction":[{"@type":"SearchAction","target":{"@type":"EntryPoint","urlTemplate":"https:\/\/drelisblog.com\/?s={search_term_string}"},"query-input":{"@type":"PropertyValueSpecification","valueRequired":true,"valueName":"search_term_string"}}],"inLanguage":"es"},{"@type":["Person","Organization"],"@id":"https:\/\/drelisblog.com\/#\/schema\/person\/60f4a0c10ba754b71c7dc2ab8234ec98","name":"Dr. Eli (Eliyahu) Lizorkin-Girzhel","image":{"@type":"ImageObject","inLanguage":"es","@id":"https:\/\/drelisblog.com\/#\/schema\/person\/image\/","url":"https:\/\/drelisblog.com\/wp-content\/uploads\/2025\/04\/logo-scaled.png","contentUrl":"https:\/\/drelisblog.com\/wp-content\/uploads\/2025\/04\/logo-scaled.png","width":2560,"height":470,"caption":"Dr. Eli (Eliyahu) Lizorkin-Girzhel"},"logo":{"@id":"https:\/\/drelisblog.com\/#\/schema\/person\/image\/"},"sameAs":["https:\/\/drelisblog.com"]}]}},"campaignId":"","_links":{"self":[{"href":"https:\/\/drelisblog.com\/es\/wp-json\/wp\/v2\/pages\/2905","targetHints":{"allow":["GET"]}}],"collection":[{"href":"https:\/\/drelisblog.com\/es\/wp-json\/wp\/v2\/pages"}],"about":[{"href":"https:\/\/drelisblog.com\/es\/wp-json\/wp\/v2\/types\/page"}],"author":[{"embeddable":true,"href":"https:\/\/drelisblog.com\/es\/wp-json\/wp\/v2\/users\/1"}],"replies":[{"embeddable":true,"href":"https:\/\/drelisblog.com\/es\/wp-json\/wp\/v2\/comments?post=2905"}],"version-history":[{"count":0,"href":"https:\/\/drelisblog.com\/es\/wp-json\/wp\/v2\/pages\/2905\/revisions"}],"wp:attachment":[{"href":"https:\/\/drelisblog.com\/es\/wp-json\/wp\/v2\/media?parent=2905"}],"curies":[{"name":"wp","href":"https:\/\/api.w.org\/{rel}","templated":true}]}}