{"id":10453,"date":"2025-05-21T19:41:51","date_gmt":"2025-05-21T16:41:51","guid":{"rendered":"https:\/\/drelisblog.com\/blog\/"},"modified":"2025-11-20T03:32:10","modified_gmt":"2025-11-20T00:32:10","slug":"blog","status":"publish","type":"page","link":"https:\/\/drelisblog.com\/pl\/blog\/","title":{"rendered":"Artyku\u0142y"},"content":{"rendered":"\t\t<div data-elementor-type=\"wp-page\" data-elementor-id=\"10453\" class=\"elementor elementor-10453 elementor-5297\" data-elementor-post-type=\"page\">\n\t\t\t\t<div class=\"elementor-element elementor-element-e68fa6b e-flex e-con-boxed e-con e-parent\" data-id=\"e68fa6b\" data-element_type=\"container\">\n\t\t\t\t\t<div class=\"e-con-inner\">\n\t\t\t\t<div class=\"elementor-element elementor-element-df2914c elementor-widget elementor-widget-foxiz-overlay-2\" data-id=\"df2914c\" data-element_type=\"widget\" data-widget_type=\"foxiz-overlay-2.default\">\n\t\t\t\t<div class=\"elementor-widget-container\">\n\t\t\t\t\t<div id=\"uid_df2914c\" class=\"block-wrap block-overlay block-overlay-2 p-gradient rb-columns rb-col-4 is-gap-7 ecat-bg-1 meta-s-default\"><div class=\"block-inner\">\t\t<div class=\"p-wrap p-overlay p-overlay-2\" data-pid=\"16715\">\n\t\t\t<div class=\"overlay-holder\">\r\n\t\t\t\t\t<a href=\"https:\/\/drelisblog.com\/pl\/sztuka-spierania-sie-z-bogiem\/\" class=\"p-featured\" >\n\t\t\t\t\t<a class=\"p-flink\" href=\"https:\/\/drelisblog.com\/pl\/sztuka-spierania-sie-z-bogiem\/\" title=\"Sztuka spierania si\u0119 z Bogiem\">\n\t\t\t<img loading=\"lazy\" decoding=\"async\" width=\"615\" height=\"410\" src=\"https:\/\/drelisblog.com\/wp-content\/uploads\/2026\/03\/u7423123591_A_conceptual_illustration_of_a_legal_negotiation__ea6f3444-178d-4c18-a247-8883709cd5fe_0-615x410.png\" class=\"featured-img wp-post-image\" alt=\"\" loading=\"lazy\" \/>\t\t<\/a>\n\t\t\t\t<\/a>\n\t\t\t\t<div class=\"overlay-wrap\">\r\n\t\t\t\t<div class=\"overlay-inner p-content light-scheme\">\r\n\t\t\t\t\t<div class=\"p-categories p-top\"><a class=\"p-category category-id-315\" href=\"https:\/\/drelisblog.com\/pl\/category\/torah\/\" rel=\"category\">Tora<\/a><\/div><h3 class=\"entry-title\">\t\t<a class=\"p-url\" href=\"https:\/\/drelisblog.com\/pl\/sztuka-spierania-sie-z-bogiem\/\" rel=\"bookmark\">Sztuka spierania si\u0119 z Bogiem<\/a><\/h3>\t\t\t<div class=\"p-meta\">\n\t\t\t\t<div class=\"meta-inner is-meta\">\n\t\t\t\t\t\t<div class=\"meta-el meta-date\">\n\t\t\t\t<time class=\"date published\" datetime=\"2026-03-23T14:39:46+03:00\">23 marca, 2026<\/time>\n\t\t<\/div>\t\t\t\t<\/div>\n\t\t\t<\/div>\n\t\t\t\t\t\t<\/div>\r\n\t\t\t<\/div>\r\n\t\t<\/div>\r\n\t\t\t\t<\/div>\n\t\t\t<div class=\"p-wrap p-overlay p-overlay-2\" data-pid=\"16533\">\n\t\t\t<div class=\"overlay-holder\">\r\n\t\t\t\t\t<a href=\"https:\/\/drelisblog.com\/pl\/lucyfer-i-krol-tyru\/\" class=\"p-featured\" >\n\t\t\t\t\t<a class=\"p-flink\" href=\"https:\/\/drelisblog.com\/pl\/lucyfer-i-krol-tyru\/\" title=\"Lucyfer i kr\u00f3l Tyru?\">\n\t\t\t<img loading=\"lazy\" decoding=\"async\" width=\"615\" height=\"410\" src=\"https:\/\/drelisblog.com\/wp-content\/uploads\/2025\/03\/u7423123591_An_abstract_surrealist_painting._At_the_center_a__71ae8f4f-1bf5-47f1-bf60-3d4e7eeba314_0-615x410.png\" class=\"featured-img wp-post-image\" alt=\"\" loading=\"lazy\" \/>\t\t<\/a>\n\t\t\t\t<\/a>\n\t\t\t\t<div class=\"overlay-wrap\">\r\n\t\t\t\t<div class=\"overlay-inner p-content light-scheme\">\r\n\t\t\t\t\t<div class=\"p-categories p-top\"><a class=\"p-category category-id-530\" href=\"https:\/\/drelisblog.com\/pl\/category\/biblia-hebrajska\/\" rel=\"category\">Biblia hebrajska<\/a><\/div><h3 class=\"entry-title\">\t\t<a class=\"p-url\" href=\"https:\/\/drelisblog.com\/pl\/lucyfer-i-krol-tyru\/\" rel=\"bookmark\">Lucyfer i kr\u00f3l Tyru?<\/a><\/h3>\t\t\t<div class=\"p-meta\">\n\t\t\t\t<div class=\"meta-inner is-meta\">\n\t\t\t\t\t\t<div class=\"meta-el meta-date\">\n\t\t\t\t<time class=\"date published\" datetime=\"2026-03-11T13:19:21+03:00\">11 marca, 2026<\/time>\n\t\t<\/div>\t\t\t\t<\/div>\n\t\t\t<\/div>\n\t\t\t\t\t\t<\/div>\r\n\t\t\t<\/div>\r\n\t\t<\/div>\r\n\t\t\t\t<\/div>\n\t\t\t<div class=\"p-wrap p-overlay p-overlay-2\" data-pid=\"16422\">\n\t\t\t<div class=\"overlay-holder\">\r\n\t\t\t\t\t<a href=\"https:\/\/drelisblog.com\/pl\/pan-jest-moim-pasterzem\/\" class=\"p-featured\" >\n\t\t\t\t\t<a class=\"p-flink\" href=\"https:\/\/drelisblog.com\/pl\/pan-jest-moim-pasterzem\/\" title=\"Pan jest moim pasterzem\">\n\t\t\t<img loading=\"lazy\" decoding=\"async\" width=\"615\" height=\"410\" src=\"https:\/\/drelisblog.com\/wp-content\/uploads\/2026\/03\/u7423123591_Ethereal_mystical_interpretation_of_the_table_in__65f9d769-5da6-4d01-a9fc-a019e88c8686_0-615x410.png\" class=\"featured-img wp-post-image\" alt=\"\" loading=\"lazy\" \/>\t\t<\/a>\n\t\t\t\t<\/a>\n\t\t\t\t<div class=\"overlay-wrap\">\r\n\t\t\t\t<div class=\"overlay-inner p-content light-scheme\">\r\n\t\t\t\t\t<div class=\"p-categories p-top\"><a class=\"p-category category-id-530\" href=\"https:\/\/drelisblog.com\/pl\/category\/biblia-hebrajska\/\" rel=\"category\">Biblia hebrajska<\/a><\/div><h3 class=\"entry-title\">\t\t<a class=\"p-url\" href=\"https:\/\/drelisblog.com\/pl\/pan-jest-moim-pasterzem\/\" rel=\"bookmark\">Pan jest moim pasterzem<\/a><\/h3>\t\t\t<div class=\"p-meta\">\n\t\t\t\t<div class=\"meta-inner is-meta\">\n\t\t\t\t\t\t<div class=\"meta-el meta-date\">\n\t\t\t\t<time class=\"date published\" datetime=\"2026-03-04T15:21:17+03:00\">4 marca, 2026<\/time>\n\t\t<\/div>\t\t\t\t<\/div>\n\t\t\t<\/div>\n\t\t\t\t\t\t<\/div>\r\n\t\t\t<\/div>\r\n\t\t<\/div>\r\n\t\t\t\t<\/div>\n\t\t\t<div class=\"p-wrap p-overlay p-overlay-2\" data-pid=\"16198\">\n\t\t\t<div class=\"overlay-holder\">\r\n\t\t\t\t\t<a href=\"https:\/\/drelisblog.com\/pl\/ostrze-wiary\/\" class=\"p-featured\" >\n\t\t\t\t\t<a class=\"p-flink\" href=\"https:\/\/drelisblog.com\/pl\/ostrze-wiary\/\" title=\"Ostrze wiary\">\n\t\t\t<img loading=\"lazy\" decoding=\"async\" width=\"615\" height=\"410\" src=\"https:\/\/drelisblog.com\/wp-content\/uploads\/2025\/09\/u7423123591_Elderly_Abraham_laughing_with_tears_streaming_dow_1969f2e8-f61f-42d8-88b3-1c9a59337689_1-615x410.png\" class=\"featured-img wp-post-image\" alt=\"\" loading=\"lazy\" \/>\t\t<\/a>\n\t\t\t\t<\/a>\n\t\t\t\t<div class=\"overlay-wrap\">\r\n\t\t\t\t<div class=\"overlay-inner p-content light-scheme\">\r\n\t\t\t\t\t<div class=\"p-categories p-top\"><a class=\"p-category category-id-315\" href=\"https:\/\/drelisblog.com\/pl\/category\/torah\/\" rel=\"category\">Tora<\/a><\/div><h3 class=\"entry-title\">\t\t<a class=\"p-url\" href=\"https:\/\/drelisblog.com\/pl\/ostrze-wiary\/\" rel=\"bookmark\">Ostrze wiary<\/a><\/h3>\t\t\t<div class=\"p-meta\">\n\t\t\t\t<div class=\"meta-inner is-meta\">\n\t\t\t\t\t\t<div class=\"meta-el meta-date\">\n\t\t\t\t<time class=\"date published\" datetime=\"2026-02-24T13:19:46+03:00\">24 lutego, 2026<\/time>\n\t\t<\/div>\t\t\t\t<\/div>\n\t\t\t<\/div>\n\t\t\t\t\t\t<\/div>\r\n\t\t\t<\/div>\r\n\t\t<\/div>\r\n\t\t\t\t<\/div>\n\t\t\t<div class=\"p-wrap p-overlay p-overlay-2\" data-pid=\"16001\">\n\t\t\t<div class=\"overlay-holder\">\r\n\t\t\t\t\t<a href=\"https:\/\/drelisblog.com\/pl\/jak-rut-przelamala-zakaz-nalozony-na-swoj-lud\/\" class=\"p-featured\" >\n\t\t\t\t\t<a class=\"p-flink\" href=\"https:\/\/drelisblog.com\/pl\/jak-rut-przelamala-zakaz-nalozony-na-swoj-lud\/\" title=\"Jak Rut prze\u0142ama\u0142a zakaz na\u0142o\u017cony na sw\u00f3j lud\">\n\t\t\t<img loading=\"lazy\" decoding=\"async\" width=\"615\" height=\"410\" src=\"https:\/\/drelisblog.com\/wp-content\/uploads\/2026\/02\/u7423123591_Portrait_of_Ruth_the_Moabite_a_determined_and_hum_0d51effe-086c-4b2a-8319-3cd2c8bc34d4_2-615x410.png\" class=\"featured-img wp-post-image\" alt=\"\" loading=\"lazy\" \/>\t\t<\/a>\n\t\t\t\t<\/a>\n\t\t\t\t<div class=\"overlay-wrap\">\r\n\t\t\t\t<div class=\"overlay-inner p-content light-scheme\">\r\n\t\t\t\t\t<div class=\"p-categories p-top\"><a class=\"p-category category-id-530\" href=\"https:\/\/drelisblog.com\/pl\/category\/biblia-hebrajska\/\" rel=\"category\">Biblia hebrajska<\/a><\/div><h3 class=\"entry-title\">\t\t<a class=\"p-url\" href=\"https:\/\/drelisblog.com\/pl\/jak-rut-przelamala-zakaz-nalozony-na-swoj-lud\/\" rel=\"bookmark\">Jak Rut prze\u0142ama\u0142a zakaz na\u0142o\u017cony na sw\u00f3j lud<\/a><\/h3>\t\t\t<div class=\"p-meta\">\n\t\t\t\t<div class=\"meta-inner is-meta\">\n\t\t\t\t\t\t<div class=\"meta-el meta-date\">\n\t\t\t\t<time class=\"date published\" datetime=\"2026-02-11T11:00:00+03:00\">11 lutego, 2026<\/time>\n\t\t<\/div>\t\t\t\t<\/div>\n\t\t\t<\/div>\n\t\t\t\t\t\t<\/div>\r\n\t\t\t<\/div>\r\n\t\t<\/div>\r\n\t\t\t\t<\/div>\n\t\t\t<div class=\"p-wrap p-overlay p-overlay-2\" data-pid=\"15930\">\n\t\t\t<div class=\"overlay-holder\">\r\n\t\t\t\t\t<a href=\"https:\/\/drelisblog.com\/pl\/czy-chrzescijanie-pochodzenia-poganskiego-powinni-obchodzic-biblijne-swieta-izraela\/\" class=\"p-featured\" >\n\t\t\t\t\t<a class=\"p-flink\" href=\"https:\/\/drelisblog.com\/pl\/czy-chrzescijanie-pochodzenia-poganskiego-powinni-obchodzic-biblijne-swieta-izraela\/\" title=\"Czy chrze\u015bcijanie pochodzenia poga\u0144skiego powinni obchodzi\u0107 biblijne \u015bwi\u0119ta Izraela?\">\n\t\t\t<img loading=\"lazy\" decoding=\"async\" width=\"615\" height=\"410\" src=\"https:\/\/drelisblog.com\/wp-content\/uploads\/2026\/02\/u7423123591_The_interior_of_Solomons_Temple_but_the_walls_are_d459ce35-b6ab-4a54-b7af-43dbfbfb43b9_0-615x410.png\" class=\"featured-img wp-post-image\" alt=\"\" loading=\"lazy\" \/>\t\t<\/a>\n\t\t\t\t<\/a>\n\t\t\t\t<div class=\"overlay-wrap\">\r\n\t\t\t\t<div class=\"overlay-inner p-content light-scheme\">\r\n\t\t\t\t\t<div class=\"p-categories p-top\"><a class=\"p-category category-id-487\" href=\"https:\/\/drelisblog.com\/pl\/category\/hot-topic-pl\/\" rel=\"category\">Popularne tematy<\/a><\/div><h3 class=\"entry-title\">\t\t<a class=\"p-url\" href=\"https:\/\/drelisblog.com\/pl\/czy-chrzescijanie-pochodzenia-poganskiego-powinni-obchodzic-biblijne-swieta-izraela\/\" rel=\"bookmark\">Czy chrze\u015bcijanie pochodzenia poga\u0144skiego powinni obchodzi\u0107 biblijne \u015bwi\u0119ta Izraela?<\/a><\/h3>\t\t\t<div class=\"p-meta\">\n\t\t\t\t<div class=\"meta-inner is-meta\">\n\t\t\t\t\t\t<div class=\"meta-el meta-date\">\n\t\t\t\t<time class=\"date published\" datetime=\"2026-02-01T10:20:56+03:00\">1 lutego, 2026<\/time>\n\t\t<\/div>\t\t\t\t<\/div>\n\t\t\t<\/div>\n\t\t\t\t\t\t<\/div>\r\n\t\t\t<\/div>\r\n\t\t<\/div>\r\n\t\t\t\t<\/div>\n\t\t\t<div class=\"p-wrap p-overlay p-overlay-2\" data-pid=\"15831\">\n\t\t\t<div class=\"overlay-holder\">\r\n\t\t\t\t\t<a href=\"https:\/\/drelisblog.com\/pl\/sekretna-reka-boga\/\" class=\"p-featured\" >\n\t\t\t\t\t<a class=\"p-flink\" href=\"https:\/\/drelisblog.com\/pl\/sekretna-reka-boga\/\" title=\"Sekretna r\u0119ka Boga\">\n\t\t\t<img loading=\"lazy\" decoding=\"async\" width=\"615\" height=\"410\" src=\"https:\/\/drelisblog.com\/wp-content\/uploads\/2026\/01\/u7423123591_medium_shot_Queen_Esther_in_breathtaking_ornate_r_e7d41e32-dd5f-46e9-bf28-5a4441c0c609_3-615x410.png\" class=\"featured-img wp-post-image\" alt=\"\" loading=\"lazy\" \/>\t\t<\/a>\n\t\t\t\t<\/a>\n\t\t\t\t<div class=\"overlay-wrap\">\r\n\t\t\t\t<div class=\"overlay-inner p-content light-scheme\">\r\n\t\t\t\t\t<div class=\"p-categories p-top\"><a class=\"p-category category-id-490\" href=\"https:\/\/drelisblog.com\/pl\/category\/prayer-pl\/\" rel=\"category\">Modlitwa<\/a><\/div><h3 class=\"entry-title\">\t\t<a class=\"p-url\" href=\"https:\/\/drelisblog.com\/pl\/sekretna-reka-boga\/\" rel=\"bookmark\">Sekretna r\u0119ka Boga<\/a><\/h3>\t\t\t<div class=\"p-meta\">\n\t\t\t\t<div class=\"meta-inner is-meta\">\n\t\t\t\t\t\t<div class=\"meta-el meta-date\">\n\t\t\t\t<time class=\"date published\" datetime=\"2026-01-30T19:48:26+03:00\">30 stycznia, 2026<\/time>\n\t\t<\/div>\t\t\t\t<\/div>\n\t\t\t<\/div>\n\t\t\t\t\t\t<\/div>\r\n\t\t\t<\/div>\r\n\t\t<\/div>\r\n\t\t\t\t<\/div>\n\t\t\t<div class=\"p-wrap p-overlay p-overlay-2\" data-pid=\"15483\">\n\t\t\t<div class=\"overlay-holder\">\r\n\t\t\t\t\t<a href=\"https:\/\/drelisblog.com\/pl\/ciezar-honoru\/\" class=\"p-featured\" >\n\t\t\t\t\t<a class=\"p-flink\" href=\"https:\/\/drelisblog.com\/pl\/ciezar-honoru\/\" title=\"Ci\u0119\u017car honoru\">\n\t\t\t<img loading=\"lazy\" decoding=\"async\" width=\"615\" height=\"410\" src=\"https:\/\/drelisblog.com\/wp-content\/uploads\/2026\/01\/u7423123591_60_years_old_man_and_woman_-ar_43_-profile_8gnr_9cdafcb0-c610-4dfb-b156-97092adc4705_2-615x410.png\" class=\"featured-img wp-post-image\" alt=\"\" loading=\"lazy\" \/>\t\t<\/a>\n\t\t\t\t<\/a>\n\t\t\t\t<div class=\"overlay-wrap\">\r\n\t\t\t\t<div class=\"overlay-inner p-content light-scheme\">\r\n\t\t\t\t\t<div class=\"p-categories p-top\"><a class=\"p-category category-id-315\" href=\"https:\/\/drelisblog.com\/pl\/category\/torah\/\" rel=\"category\">Tora<\/a><\/div><h3 class=\"entry-title\">\t\t<a class=\"p-url\" href=\"https:\/\/drelisblog.com\/pl\/ciezar-honoru\/\" rel=\"bookmark\">Ci\u0119\u017car honoru<\/a><\/h3>\t\t\t<div class=\"p-meta\">\n\t\t\t\t<div class=\"meta-inner is-meta\">\n\t\t\t\t\t\t<div class=\"meta-el meta-date\">\n\t\t\t\t<time class=\"date published\" datetime=\"2026-01-09T09:37:19+03:00\">9 stycznia, 2026<\/time>\n\t\t<\/div>\t\t\t\t<\/div>\n\t\t\t<\/div>\n\t\t\t\t\t\t<\/div>\r\n\t\t\t<\/div>\r\n\t\t<\/div>\r\n\t\t\t\t<\/div>\n\t<\/div>\t\t<div class=\"pagination-wrap pagination-infinite\">\n\t\t\t<div class=\"infinite-trigger\"><i class=\"rb-loader\" aria-hidden=\"true\"><\/i><\/div>\n\t\t<\/div>\n\t\t<\/div>\t\t\t\t<\/div>\n\t\t\t\t<\/div>\n\t\t\t\t\t<\/div>\n\t\t\t\t<\/div>\n\t\t\t\t<\/div>\n\t\t","protected":false},"excerpt":{"rendered":"<p>edit Hot topics Blasphemy Against the Holy Spirit in Its Jewish Context November 18, 2025 edit Prayer Our Father in Jewish Tradition November 15, 2025 edit Hot topics The Hope of Biblical Divorce and Remarriage November 9, 2025 edit Torah Did God Create a Woman from a Rib? November 1, 2025 edit Mary Did Isaiah [&hellip;]<\/p>\n","protected":false},"author":1,"featured_media":0,"parent":0,"menu_order":0,"comment_status":"closed","ping_status":"closed","template":"","meta":{"give_campaign_id":0,"footnotes":""},"class_list":["post-10453","page","type-page","status-publish"],"yoast_head":"<!-- This site is optimized with the Yoast SEO Premium plugin v26.3 (Yoast SEO v26.6) - https:\/\/yoast.com\/wordpress\/plugins\/seo\/ -->\n<title>Artyku\u0142y - Jewish Studies for Christians<\/title>\n<meta name=\"robots\" content=\"noindex, follow, max-snippet:-1, max-image-preview:large, max-video-preview:-1\" \/>\n<script type=\"application\/ld+json\" class=\"yoast-schema-graph\">{\"@context\":\"https:\/\/schema.org\",\"@graph\":[{\"@type\":\"WebPage\",\"@id\":\"https:\/\/drelisblog.com\/pl\/blog\/\",\"url\":\"https:\/\/drelisblog.com\/pl\/blog\/\",\"name\":\"Artyku\u0142y - Jewish Studies for Christians\",\"isPartOf\":{\"@id\":\"https:\/\/drelisblog.com\/#website\"},\"primaryImageOfPage\":{\"@id\":\"https:\/\/drelisblog.com\/pl\/blog\/#primaryimage\"},\"image\":{\"@id\":\"https:\/\/drelisblog.com\/pl\/blog\/#primaryimage\"},\"thumbnailUrl\":\"https:\/\/drelisblog.com\/wp-content\/uploads\/2025\/11\/Picture1.png\",\"datePublished\":\"2025-05-21T16:41:51+00:00\",\"dateModified\":\"2025-11-20T00:32:10+00:00\",\"breadcrumb\":{\"@id\":\"https:\/\/drelisblog.com\/pl\/blog\/#breadcrumb\"},\"inLanguage\":\"pl-PL\",\"potentialAction\":[{\"@type\":\"ReadAction\",\"target\":[\"https:\/\/drelisblog.com\/pl\/blog\/\"]}]},{\"@type\":\"ImageObject\",\"inLanguage\":\"pl-PL\",\"@id\":\"https:\/\/drelisblog.com\/pl\/blog\/#primaryimage\",\"url\":\"https:\/\/drelisblog.com\/wp-content\/uploads\/2025\/11\/Picture1.png\",\"contentUrl\":\"https:\/\/drelisblog.com\/wp-content\/uploads\/2025\/11\/Picture1.png\"},{\"@type\":\"BreadcrumbList\",\"@id\":\"https:\/\/drelisblog.com\/pl\/blog\/#breadcrumb\",\"itemListElement\":[{\"@type\":\"ListItem\",\"position\":1,\"name\":\"Home\",\"item\":\"https:\/\/drelisblog.com\/pl\/\"},{\"@type\":\"ListItem\",\"position\":2,\"name\":\"Artyku\u0142y\"}]},{\"@type\":\"WebSite\",\"@id\":\"https:\/\/drelisblog.com\/#website\",\"url\":\"https:\/\/drelisblog.com\/\",\"name\":\"Dr Eli's Blog\",\"description\":\"\",\"publisher\":{\"@id\":\"https:\/\/drelisblog.com\/#\/schema\/person\/60f4a0c10ba754b71c7dc2ab8234ec98\"},\"potentialAction\":[{\"@type\":\"SearchAction\",\"target\":{\"@type\":\"EntryPoint\",\"urlTemplate\":\"https:\/\/drelisblog.com\/?s={search_term_string}\"},\"query-input\":{\"@type\":\"PropertyValueSpecification\",\"valueRequired\":true,\"valueName\":\"search_term_string\"}}],\"inLanguage\":\"pl-PL\"},{\"@type\":[\"Person\",\"Organization\"],\"@id\":\"https:\/\/drelisblog.com\/#\/schema\/person\/60f4a0c10ba754b71c7dc2ab8234ec98\",\"name\":\"Dr. Eli (Eliyahu) Lizorkin-Girzhel\",\"image\":{\"@type\":\"ImageObject\",\"inLanguage\":\"pl-PL\",\"@id\":\"https:\/\/drelisblog.com\/#\/schema\/person\/image\/\",\"url\":\"https:\/\/drelisblog.com\/wp-content\/uploads\/2025\/04\/logo-scaled.png\",\"contentUrl\":\"https:\/\/drelisblog.com\/wp-content\/uploads\/2025\/04\/logo-scaled.png\",\"width\":2560,\"height\":470,\"caption\":\"Dr. Eli (Eliyahu) Lizorkin-Girzhel\"},\"logo\":{\"@id\":\"https:\/\/drelisblog.com\/#\/schema\/person\/image\/\"},\"sameAs\":[\"https:\/\/drelisblog.com\"]}]}<\/script>\n<!-- \/ Yoast SEO Premium plugin. -->","yoast_head_json":{"title":"Artyku\u0142y - Jewish Studies for Christians","robots":{"index":"noindex","follow":"follow","max-snippet":"max-snippet:-1","max-image-preview":"max-image-preview:large","max-video-preview":"max-video-preview:-1"},"schema":{"@context":"https:\/\/schema.org","@graph":[{"@type":"WebPage","@id":"https:\/\/drelisblog.com\/pl\/blog\/","url":"https:\/\/drelisblog.com\/pl\/blog\/","name":"Artyku\u0142y - Jewish Studies for Christians","isPartOf":{"@id":"https:\/\/drelisblog.com\/#website"},"primaryImageOfPage":{"@id":"https:\/\/drelisblog.com\/pl\/blog\/#primaryimage"},"image":{"@id":"https:\/\/drelisblog.com\/pl\/blog\/#primaryimage"},"thumbnailUrl":"https:\/\/drelisblog.com\/wp-content\/uploads\/2025\/11\/Picture1.png","datePublished":"2025-05-21T16:41:51+00:00","dateModified":"2025-11-20T00:32:10+00:00","breadcrumb":{"@id":"https:\/\/drelisblog.com\/pl\/blog\/#breadcrumb"},"inLanguage":"pl-PL","potentialAction":[{"@type":"ReadAction","target":["https:\/\/drelisblog.com\/pl\/blog\/"]}]},{"@type":"ImageObject","inLanguage":"pl-PL","@id":"https:\/\/drelisblog.com\/pl\/blog\/#primaryimage","url":"https:\/\/drelisblog.com\/wp-content\/uploads\/2025\/11\/Picture1.png","contentUrl":"https:\/\/drelisblog.com\/wp-content\/uploads\/2025\/11\/Picture1.png"},{"@type":"BreadcrumbList","@id":"https:\/\/drelisblog.com\/pl\/blog\/#breadcrumb","itemListElement":[{"@type":"ListItem","position":1,"name":"Home","item":"https:\/\/drelisblog.com\/pl\/"},{"@type":"ListItem","position":2,"name":"Artyku\u0142y"}]},{"@type":"WebSite","@id":"https:\/\/drelisblog.com\/#website","url":"https:\/\/drelisblog.com\/","name":"Dr Eli's Blog","description":"","publisher":{"@id":"https:\/\/drelisblog.com\/#\/schema\/person\/60f4a0c10ba754b71c7dc2ab8234ec98"},"potentialAction":[{"@type":"SearchAction","target":{"@type":"EntryPoint","urlTemplate":"https:\/\/drelisblog.com\/?s={search_term_string}"},"query-input":{"@type":"PropertyValueSpecification","valueRequired":true,"valueName":"search_term_string"}}],"inLanguage":"pl-PL"},{"@type":["Person","Organization"],"@id":"https:\/\/drelisblog.com\/#\/schema\/person\/60f4a0c10ba754b71c7dc2ab8234ec98","name":"Dr. Eli (Eliyahu) Lizorkin-Girzhel","image":{"@type":"ImageObject","inLanguage":"pl-PL","@id":"https:\/\/drelisblog.com\/#\/schema\/person\/image\/","url":"https:\/\/drelisblog.com\/wp-content\/uploads\/2025\/04\/logo-scaled.png","contentUrl":"https:\/\/drelisblog.com\/wp-content\/uploads\/2025\/04\/logo-scaled.png","width":2560,"height":470,"caption":"Dr. Eli (Eliyahu) Lizorkin-Girzhel"},"logo":{"@id":"https:\/\/drelisblog.com\/#\/schema\/person\/image\/"},"sameAs":["https:\/\/drelisblog.com"]}]}},"campaignId":"","_links":{"self":[{"href":"https:\/\/drelisblog.com\/pl\/wp-json\/wp\/v2\/pages\/10453","targetHints":{"allow":["GET"]}}],"collection":[{"href":"https:\/\/drelisblog.com\/pl\/wp-json\/wp\/v2\/pages"}],"about":[{"href":"https:\/\/drelisblog.com\/pl\/wp-json\/wp\/v2\/types\/page"}],"author":[{"embeddable":true,"href":"https:\/\/drelisblog.com\/pl\/wp-json\/wp\/v2\/users\/1"}],"replies":[{"embeddable":true,"href":"https:\/\/drelisblog.com\/pl\/wp-json\/wp\/v2\/comments?post=10453"}],"version-history":[{"count":0,"href":"https:\/\/drelisblog.com\/pl\/wp-json\/wp\/v2\/pages\/10453\/revisions"}],"wp:attachment":[{"href":"https:\/\/drelisblog.com\/pl\/wp-json\/wp\/v2\/media?parent=10453"}],"curies":[{"name":"wp","href":"https:\/\/api.w.org\/{rel}","templated":true}]}}