{"id":2910,"date":"2025-04-23T23:51:51","date_gmt":"2025-04-23T20:51:51","guid":{"rendered":"https:\/\/dreliisrael.com\/?page_id=2910"},"modified":"2025-12-09T00:52:18","modified_gmt":"2025-12-08T21:52:18","slug":"about","status":"publish","type":"page","link":"https:\/\/drelisblog.com\/pt\/about\/","title":{"rendered":"Sobre o Dr. Ali"},"content":{"rendered":"<p><img decoding=\"async\" width=\"300\" height=\"270\" src=\"https:\/\/drelisblog.com\/wp-content\/uploads\/2025\/10\/4X4-DR.-ELI-NEW-BEST-300x270.png\" alt=\"\" loading=\"lazy\" \/>\t\t\t\t\t\t\t\t\t\t\t\t\t\t\t<\/p>\n<p>Dr. Eli Lizorkin-Eyzenberg \u00e9 o reitor acad\u00eamico do <a href=\"https:\/\/israelbiblicalstudies.com\/\" target=\"_blank\" rel=\"noopener\"><strong>Israel Institute of Biblical Studies<\/strong><\/a> e do <a href=\"https:\/\/israelbiblecenter.com\/\" target=\"_blank\" rel=\"noopener\"><strong>Israel Bible Center<\/strong><\/a>. Ele possui um M.Div. pelo <a href=\"https:\/\/rts.edu\/campuses\/orlando\/\" target=\"_blank\" rel=\"noopener\">Reformed Theological Seminary<\/a> (2000), um M.Phil. em Interpreta\u00e7\u00e3o B\u00edblica (2007) e um Ph.D. em Estudos Antigos pela <a href=\"https:\/\/www.sun.ac.za\/english\/faculty\/arts\/ancient-studies\" target=\"_blank\" rel=\"noopener\">Stellenbosch University<\/a> (2011). Sua pesquisa de doutorado incluiu estudos na <a href=\"https:\/\/en.huji.ac.il\/\" target=\"_blank\" rel=\"noopener\">Hebrew University of Jerusalem<\/a>, no <a href=\"https:\/\/ptsem.edu\/\" target=\"_blank\" rel=\"noopener\">Princeton Theological Seminary<\/a> e na <a href=\"https:\/\/www.universiteitleiden.nl\/en\/education\" target=\"_blank\" rel=\"noopener\">Leiden University<\/a>. Ele publicou <a href=\"https:\/\/www.amazon.com\/stores\/Eli-Lizorkin-Eyzenberg\/author\/B0135PJVWE?ref=ap_rdr&amp;isDramIntegrated=true&amp;shoppingPortalEnabled=true&amp;ccs_id=0a0e4abc-dc99-4409-bc2e-a432ff44fb17\" target=\"_blank\" rel=\"noopener\">numerosos livros<\/a> e artigos. Seu trabalho inclui uma monografia na prestigiada s\u00e9rie <a href=\"https:\/\/www.peeters-leuven.be\/detail.php?search_key=9789042925748&amp;series_number_str=642&amp;lang=en\" target=\"_blank\" rel=\"noopener\">Corpus Scriptorum Christianorum Orientalium<\/a>. Ele cofundou o peri\u00f3dico acad\u00eamico <a href=\"https:\/\/www.jjmjs.org\/\" target=\"_blank\" rel=\"noopener\">Journal of the Jesus Movement in Its Jewish Setting<\/a>. \u00c9 fluente em ingl\u00eas, hebraico e russo, adora c\u00e3es e gatos, a s\u00e9rie Pirates of the Caribbean e Seinfeld. Aceite isso!<\/p>\n<p>Se voc\u00ea deseja apoiar o Dr. Eli, por favor clique <a href=\"https:\/\/drelisblog.com\/pt\/donate\/?utm_source=cta&#038;utm_medium=page&#038;utm_campaign=page-cta-about\" target=\"_blank\" rel=\"noopener\">aqui<\/a>. Isso permitir\u00e1 que o Dr. Eli amplie este importante minist\u00e9rio! (\u00c9 realmente necess\u00e1rio).<\/p>\n<p>Os leitores dos livros do Dr. Eli Lizorkin-Eyzenberg frequentemente destacam v\u00e1rios aspectos-chave de sua escrita:<\/p>\n<p><strong>Erudi\u00e7\u00e3o Acess\u00edvel<\/strong>: Muitos apreciam como ele torna t\u00f3picos b\u00edblicos e hist\u00f3ricos complexos interessantes tanto para acad\u00eamicos quanto para leitores leigos, evitando jarg\u00f5es t\u00e9cnicos excessivos sem perder profundidade.<\/p>\n<p><strong>Contexto Judaico do Cristianismo<\/strong>: Seu foco nas ra\u00edzes judaicas do Novo Testamento e do cristianismo primitivo ressoa fortemente, oferecendo novas perspectivas que desafiam suposi\u00e7\u00f5es tradicionais.<\/p>\n<p><strong>Abordagem Equilibrada:<\/strong> Os leitores observam seu tratamento justo de temas controversos, apresentando evid\u00eancias sem vi\u00e9s excessivo, o que atrai tanto o p\u00fablico crist\u00e3o quanto o judaico.<\/p>\n<p><strong>Estilo Envolvente:<\/strong> Sua escrita \u00e9 frequentemente descrita como viva, \u00e0s vezes bem-humorada e repleta de anedotas pessoais, tornando a hist\u00f3ria antiga relevante e interessante.<\/p>\n<p><strong>Impacto na F\u00e9 e no Estudo:<\/strong> Muitos relatam que seus livros aprofundam sua compreens\u00e3o das Escrituras, levando-os a repensar passagens familiares \u00e0 luz de contextos hist\u00f3ricos e culturais.<\/p>\n<div class=\"_df_book df-lite\" id=\"df_3535\"  _slug=\"3535\" data-title=\"dr-eli-8217-s-kit\" wpoptions=\"true\" thumbtype=\"\" ><\/div><script class=\"df-shortcode-script\" nowprocket type=\"application\/javascript\">window.option_df_3535 = {\"outline\":[],\"autoEnableOutline\":\"false\",\"autoEnableThumbnail\":\"false\",\"overwritePDFOutline\":\"false\",\"direction\":\"1\",\"pageSize\":\"0\",\"source\":\"https:\\\/\\\/drelisblog.com\\\/wp-content\\\/uploads\\\/2025\\\/05\\\/Dr.-Eli-press-KIT.pdf\",\"wpOptions\":\"true\"}; if(window.DFLIP && window.DFLIP.parseBooks){window.DFLIP.parseBooks();}<\/script>\n","protected":false},"excerpt":{"rendered":"<p>Dr. Eli Lizorkin-Eyzenberg \u00e9 o reitor acad\u00eamico do Israel Institute of Biblical Studies e do Israel Bible Center. Ele possui um M.Div. pelo Reformed Theological Seminary (2000), um M.Phil. em Interpreta\u00e7\u00e3o B\u00edblica (2007) e um Ph.D. em Estudos Antigos pela Stellenbosch University (2011). Sua pesquisa de doutorado incluiu estudos na Hebrew University of Jerusalem, no [&hellip;]<\/p>\n","protected":false},"author":1,"featured_media":0,"parent":0,"menu_order":0,"comment_status":"open","ping_status":"closed","template":"page-templates\/page-about.php","meta":{"give_campaign_id":0,"footnotes":""},"class_list":["post-2910","page","type-page","status-publish"],"yoast_head":"<!-- This site is optimized with the Yoast SEO Premium plugin v26.3 (Yoast SEO v26.6) - https:\/\/yoast.com\/wordpress\/plugins\/seo\/ -->\n<title>Sobre o Dr. Ali - Jewish Studies for Christians<\/title>\n<meta name=\"robots\" content=\"noindex, follow, max-snippet:-1, max-image-preview:large, max-video-preview:-1\" \/>\n<script type=\"application\/ld+json\" class=\"yoast-schema-graph\">{\"@context\":\"https:\/\/schema.org\",\"@graph\":[{\"@type\":\"WebPage\",\"@id\":\"https:\/\/drelisblog.com\/about\/\",\"url\":\"https:\/\/drelisblog.com\/about\/\",\"name\":\"Sobre o Dr. Ali - Jewish Studies for Christians\",\"isPartOf\":{\"@id\":\"https:\/\/drelisblog.com\/#website\"},\"primaryImageOfPage\":{\"@id\":\"https:\/\/drelisblog.com\/about\/#primaryimage\"},\"image\":{\"@id\":\"https:\/\/drelisblog.com\/about\/#primaryimage\"},\"thumbnailUrl\":\"https:\/\/drelisblog.com\/wp-content\/uploads\/2025\/10\/4X4-DR.-ELI-NEW-BEST-300x270.png\",\"datePublished\":\"2025-04-23T20:51:51+00:00\",\"dateModified\":\"2025-12-08T21:52:18+00:00\",\"breadcrumb\":{\"@id\":\"https:\/\/drelisblog.com\/about\/#breadcrumb\"},\"inLanguage\":\"pt-PT\",\"potentialAction\":[{\"@type\":\"ReadAction\",\"target\":[\"https:\/\/drelisblog.com\/about\/\"]}]},{\"@type\":\"ImageObject\",\"inLanguage\":\"pt-PT\",\"@id\":\"https:\/\/drelisblog.com\/about\/#primaryimage\",\"url\":\"https:\/\/drelisblog.com\/wp-content\/uploads\/2025\/10\/4X4-DR.-ELI-NEW-BEST-300x270.png\",\"contentUrl\":\"https:\/\/drelisblog.com\/wp-content\/uploads\/2025\/10\/4X4-DR.-ELI-NEW-BEST-300x270.png\"},{\"@type\":\"BreadcrumbList\",\"@id\":\"https:\/\/drelisblog.com\/about\/#breadcrumb\",\"itemListElement\":[{\"@type\":\"ListItem\",\"position\":1,\"name\":\"Home\",\"item\":\"https:\/\/drelisblog.com\/pt\/\"},{\"@type\":\"ListItem\",\"position\":2,\"name\":\"Sobre o Dr. Ali\"}]},{\"@type\":\"WebSite\",\"@id\":\"https:\/\/drelisblog.com\/#website\",\"url\":\"https:\/\/drelisblog.com\/\",\"name\":\"Dr Eli's Blog\",\"description\":\"\",\"publisher\":{\"@id\":\"https:\/\/drelisblog.com\/#\/schema\/person\/60f4a0c10ba754b71c7dc2ab8234ec98\"},\"potentialAction\":[{\"@type\":\"SearchAction\",\"target\":{\"@type\":\"EntryPoint\",\"urlTemplate\":\"https:\/\/drelisblog.com\/?s={search_term_string}\"},\"query-input\":{\"@type\":\"PropertyValueSpecification\",\"valueRequired\":true,\"valueName\":\"search_term_string\"}}],\"inLanguage\":\"pt-PT\"},{\"@type\":[\"Person\",\"Organization\"],\"@id\":\"https:\/\/drelisblog.com\/#\/schema\/person\/60f4a0c10ba754b71c7dc2ab8234ec98\",\"name\":\"Dr. Eli (Eliyahu) Lizorkin-Girzhel\",\"image\":{\"@type\":\"ImageObject\",\"inLanguage\":\"pt-PT\",\"@id\":\"https:\/\/drelisblog.com\/#\/schema\/person\/image\/\",\"url\":\"https:\/\/drelisblog.com\/wp-content\/uploads\/2025\/04\/logo-scaled.png\",\"contentUrl\":\"https:\/\/drelisblog.com\/wp-content\/uploads\/2025\/04\/logo-scaled.png\",\"width\":2560,\"height\":470,\"caption\":\"Dr. Eli (Eliyahu) Lizorkin-Girzhel\"},\"logo\":{\"@id\":\"https:\/\/drelisblog.com\/#\/schema\/person\/image\/\"},\"sameAs\":[\"https:\/\/drelisblog.com\"]}]}<\/script>\n<!-- \/ Yoast SEO Premium plugin. -->","yoast_head_json":{"title":"Sobre o Dr. Ali - Jewish Studies for Christians","robots":{"index":"noindex","follow":"follow","max-snippet":"max-snippet:-1","max-image-preview":"max-image-preview:large","max-video-preview":"max-video-preview:-1"},"schema":{"@context":"https:\/\/schema.org","@graph":[{"@type":"WebPage","@id":"https:\/\/drelisblog.com\/about\/","url":"https:\/\/drelisblog.com\/about\/","name":"Sobre o Dr. Ali - Jewish Studies for Christians","isPartOf":{"@id":"https:\/\/drelisblog.com\/#website"},"primaryImageOfPage":{"@id":"https:\/\/drelisblog.com\/about\/#primaryimage"},"image":{"@id":"https:\/\/drelisblog.com\/about\/#primaryimage"},"thumbnailUrl":"https:\/\/drelisblog.com\/wp-content\/uploads\/2025\/10\/4X4-DR.-ELI-NEW-BEST-300x270.png","datePublished":"2025-04-23T20:51:51+00:00","dateModified":"2025-12-08T21:52:18+00:00","breadcrumb":{"@id":"https:\/\/drelisblog.com\/about\/#breadcrumb"},"inLanguage":"pt-PT","potentialAction":[{"@type":"ReadAction","target":["https:\/\/drelisblog.com\/about\/"]}]},{"@type":"ImageObject","inLanguage":"pt-PT","@id":"https:\/\/drelisblog.com\/about\/#primaryimage","url":"https:\/\/drelisblog.com\/wp-content\/uploads\/2025\/10\/4X4-DR.-ELI-NEW-BEST-300x270.png","contentUrl":"https:\/\/drelisblog.com\/wp-content\/uploads\/2025\/10\/4X4-DR.-ELI-NEW-BEST-300x270.png"},{"@type":"BreadcrumbList","@id":"https:\/\/drelisblog.com\/about\/#breadcrumb","itemListElement":[{"@type":"ListItem","position":1,"name":"Home","item":"https:\/\/drelisblog.com\/pt\/"},{"@type":"ListItem","position":2,"name":"Sobre o Dr. Ali"}]},{"@type":"WebSite","@id":"https:\/\/drelisblog.com\/#website","url":"https:\/\/drelisblog.com\/","name":"Dr Eli's Blog","description":"","publisher":{"@id":"https:\/\/drelisblog.com\/#\/schema\/person\/60f4a0c10ba754b71c7dc2ab8234ec98"},"potentialAction":[{"@type":"SearchAction","target":{"@type":"EntryPoint","urlTemplate":"https:\/\/drelisblog.com\/?s={search_term_string}"},"query-input":{"@type":"PropertyValueSpecification","valueRequired":true,"valueName":"search_term_string"}}],"inLanguage":"pt-PT"},{"@type":["Person","Organization"],"@id":"https:\/\/drelisblog.com\/#\/schema\/person\/60f4a0c10ba754b71c7dc2ab8234ec98","name":"Dr. Eli (Eliyahu) Lizorkin-Girzhel","image":{"@type":"ImageObject","inLanguage":"pt-PT","@id":"https:\/\/drelisblog.com\/#\/schema\/person\/image\/","url":"https:\/\/drelisblog.com\/wp-content\/uploads\/2025\/04\/logo-scaled.png","contentUrl":"https:\/\/drelisblog.com\/wp-content\/uploads\/2025\/04\/logo-scaled.png","width":2560,"height":470,"caption":"Dr. Eli (Eliyahu) Lizorkin-Girzhel"},"logo":{"@id":"https:\/\/drelisblog.com\/#\/schema\/person\/image\/"},"sameAs":["https:\/\/drelisblog.com"]}]}},"campaignId":"","_links":{"self":[{"href":"https:\/\/drelisblog.com\/pt\/wp-json\/wp\/v2\/pages\/2910","targetHints":{"allow":["GET"]}}],"collection":[{"href":"https:\/\/drelisblog.com\/pt\/wp-json\/wp\/v2\/pages"}],"about":[{"href":"https:\/\/drelisblog.com\/pt\/wp-json\/wp\/v2\/types\/page"}],"author":[{"embeddable":true,"href":"https:\/\/drelisblog.com\/pt\/wp-json\/wp\/v2\/users\/1"}],"replies":[{"embeddable":true,"href":"https:\/\/drelisblog.com\/pt\/wp-json\/wp\/v2\/comments?post=2910"}],"version-history":[{"count":0,"href":"https:\/\/drelisblog.com\/pt\/wp-json\/wp\/v2\/pages\/2910\/revisions"}],"wp:attachment":[{"href":"https:\/\/drelisblog.com\/pt\/wp-json\/wp\/v2\/media?parent=2910"}],"curies":[{"name":"wp","href":"https:\/\/api.w.org\/{rel}","templated":true}]}}