{"id":3007,"date":"2022-04-08T05:28:57","date_gmt":"2022-04-08T02:28:57","guid":{"rendered":"https:\/\/dreliisrael.com\/?page_id=3007"},"modified":"2025-08-11T17:43:12","modified_gmt":"2025-08-11T14:43:12","slug":"glavnaya","status":"publish","type":"page","link":"https:\/\/drelisblog.com\/ru\/","title":{"rendered":"\u0413\u043b\u0430\u0432\u043d\u0430\u044f"},"content":{"rendered":"<h3>\u041f\u043e\u0441\u043b\u0435\u0434\u043d\u0438\u0435 \u043c\u044b\u0441\u043b\u0438<\/h3>\n<p>\t\t\t\t\t<a href=\"https:\/\/drelisblog.com\/ru\/poslednij-budet-pervym\/\" title=\"\u041f\u043e\u0441\u043b\u0435\u0434\u043d\u0438\u0439 \u0431\u0443\u0434\u0435\u0442 \u043f\u0435\u0440\u0432\u044b\u043c\"><br \/>\n\t\t\t<img width=\"320\" height=\"242\" src=\"https:\/\/drelisblog.com\/wp-content\/uploads\/2025\/06\/u7423123591_disagreement_-ar_7758_-motion_low_-video_1_d6c517ed-c30e-4c2d-927e-2767eb51593c_3.gif\" alt=\"\" loading=\"lazy\" decoding=\"async\" \/>\t\t<\/a><br \/>\n\t\t<a href=\"https:\/\/drelisblog.com\/wp-admin\/post.php?post=9728&#038;action=edit&#038;lang=ru\">edit<\/a><br \/>\n\t\t\t\t\t<a href=\"https:\/\/drelisblog.com\/ru\/\u0440\u0443\u0431\u0440\u0438\u043a\u0430\/tora\/\" rel=\"category\">\u0422\u043e\u0440\u0430<\/a><\/p>\n<h2>\t\t<a href=\"https:\/\/drelisblog.com\/ru\/poslednij-budet-pervym\/\" rel=\"bookmark\">\u041f\u043e\u0441\u043b\u0435\u0434\u043d\u0438\u0439 \u0431\u0443\u0434\u0435\u0442 \u043f\u0435\u0440\u0432\u044b\u043c<\/a><\/h2>\n<p>\u00e9couvrez comment Dieu renverse \u00e9tonnamment l&#8217;ordre \u00e9tabli.<\/p>\n<h3>\u041d\u0435\u0434\u0430\u0432\u043d\u0438\u0435 \u043c\u044b\u0441\u043b\u0438<\/h3>\n<p>\t\t\t\t\t<a href=\"https:\/\/drelisblog.com\/ru\/dejstvitelno-li-mariya-prisutstvuet\/\" title=\"\u0414\u0435\u0439\u0441\u0442\u0432\u0438\u0442\u0435\u043b\u044c\u043d\u043e \u043b\u0438 \u041c\u0430\u0440\u0438\u044f \u043f\u0440\u0438\u0441\u0443\u0442\u0441\u0442\u0432\u0443\u0435\u0442 \u0432 \u043a\u043d\u0438\u0433\u0435 \u041e\u0442\u043a\u0440\u043e\u0432\u0435\u043d\u0438\u044f?\"><br \/>\n\t\t\t<img width=\"320\" height=\"242\" src=\"https:\/\/drelisblog.com\/wp-content\/uploads\/2025\/04\/u7423123591_more_like_this_plz_-ar_7758_-motion_low_-video_548e5a1a-fd04-4ddf-9657-ef1419d1de24_1.gif\" alt=\"\" loading=\"lazy\" decoding=\"async\" \/>\t\t<\/a><br \/>\n\t\t<a href=\"https:\/\/drelisblog.com\/wp-admin\/post.php?post=9122&#038;action=edit&#038;lang=ru\">edit<\/a><br \/>\n\t<a href=\"https:\/\/drelisblog.com\/ru\/\u0440\u0443\u0431\u0440\u0438\u043a\u0430\/mariya\/\" rel=\"category\">\u041c\u0430\u0440\u0438\u044f<\/a><\/p>\n<h3>\t\t<a href=\"https:\/\/drelisblog.com\/ru\/dejstvitelno-li-mariya-prisutstvuet\/\" rel=\"bookmark\">\u0414\u0435\u0439\u0441\u0442\u0432\u0438\u0442\u0435\u043b\u044c\u043d\u043e \u043b\u0438 \u041c\u0430\u0440\u0438\u044f \u043f\u0440\u0438\u0441\u0443\u0442\u0441\u0442\u0432\u0443\u0435\u0442 \u0432 \u043a\u043d\u0438\u0433\u0435 \u041e\u0442\u043a\u0440\u043e\u0432\u0435\u043d\u0438\u044f?<\/a><\/h3>\n<p>\u0412 \u041a\u043d\u0438\u0433\u0435 \u041e\u0442\u043a\u0440\u043e\u0432\u0435\u043d\u0438\u044f, \u043a\u0430\u043a \u0441\u0447\u0438\u0442\u0430\u044e\u0442 \u043a\u0430\u0442\u043e\u043b\u0438\u043a\u0438 \u0438 \u043f\u0440\u0430\u0432\u043e\u0441\u043b\u0430\u0432\u043d\u044b\u0435 \u0445\u0440\u0438\u0441\u0442\u0438\u0430\u043d\u0435, \u0438\u0437\u043e\u0431\u0440\u0430\u0436\u0435\u043d\u0430 \u041c\u0430\u0440\u0438\u044f, \u041c\u0430\u0442\u0435\u0440\u044c&hellip;<\/p>\n<p>\t\t\t\t\t<a href=\"https:\/\/drelisblog.com\/ru\/svyataya-nepreklonnost-moiseya\/\" title=\"\u0421\u0432\u044f\u0442\u0430\u044f \u043d\u0435\u043f\u0440\u0435\u043a\u043b\u043e\u043d\u043d\u043e\u0441\u0442\u044c \u041c\u043e\u0438\u0441\u0435\u044f\"><br \/>\n\t\t\t<img width=\"320\" height=\"242\" src=\"https:\/\/drelisblog.com\/wp-content\/uploads\/2025\/05\/u7423123591_disagreement_-ar_7758_-motion_low_-video_1_7c88b5cc-a43d-480c-a859-b4afa2d25dad_0.gif\" alt=\"\" loading=\"lazy\" decoding=\"async\" \/>\t\t<\/a><br \/>\n\t\t<a href=\"https:\/\/drelisblog.com\/wp-admin\/post.php?post=6384&#038;action=edit&#038;lang=ru\">edit<\/a><br \/>\n\t<a href=\"https:\/\/drelisblog.com\/ru\/\u0440\u0443\u0431\u0440\u0438\u043a\u0430\/molitva\/\" rel=\"category\">\u041c\u043e\u043b\u0438\u0442\u0432\u0430<\/a><\/p>\n<h3>\t\t<a href=\"https:\/\/drelisblog.com\/ru\/svyataya-nepreklonnost-moiseya\/\" rel=\"bookmark\">\u0421\u0432\u044f\u0442\u0430\u044f \u043d\u0435\u043f\u0440\u0435\u043a\u043b\u043e\u043d\u043d\u043e\u0441\u0442\u044c \u041c\u043e\u0438\u0441\u0435\u044f<\/a><\/h3>\n<p>\u0423\u0437\u043d\u0430\u0439\u0442\u0435, \u043a\u0430\u043a \u041c\u043e\u0438\u0441\u0435\u0439 \u043d\u0435 \u0441\u043e\u0433\u043b\u0430\u0441\u0438\u043b\u0441\u044f \u0441 \u0411\u043e\u0433\u043e\u043c, \u0431\u0440\u043e\u0441\u0438\u043b \u0415\u043c\u0443 \u0432\u044b\u0437\u043e\u0432 \u0438 \u043e\u0441\u0442\u0430\u043b\u0441\u044f&hellip;<\/p>\n<h3>\u0411\u043e\u043b\u0435\u0435 \u0440\u0430\u043d\u043d\u0438\u0435 \u043c\u044b\u0441\u043b\u0438<\/h3>\n<p>\t\t\t\t\t<a href=\"https:\/\/drelisblog.com\/ru\/svyataya-hutspa-very-izrailya\/\" title=\"\u0421\u0432\u044f\u0442\u0430\u044f \u0445\u0443\u0446\u043f\u0430 \u0432\u0435\u0440\u044b \u0418\u0437\u0440\u0430\u0438\u043b\u044f\"><br \/>\n\t\t\t<img width=\"320\" height=\"242\" src=\"https:\/\/drelisblog.com\/wp-content\/uploads\/2025\/06\/u7423123591_ancient_worriers_Abraham_times_-ar_7758_-motion_9eb807cb-2f4d-4690-b561-6f3ddc297a30_0.gif\" alt=\"\" loading=\"lazy\" decoding=\"async\" \/>\t\t<\/a><br \/>\n\t\t<a href=\"https:\/\/drelisblog.com\/wp-admin\/post.php?post=6378&#038;action=edit&#038;lang=ru\">edit<\/a><br \/>\n\t<a href=\"https:\/\/drelisblog.com\/ru\/\u0440\u0443\u0431\u0440\u0438\u043a\u0430\/molitva\/\" rel=\"category\">\u041c\u043e\u043b\u0438\u0442\u0432\u0430<\/a><\/p>\n<h4>\t\t<a href=\"https:\/\/drelisblog.com\/ru\/svyataya-hutspa-very-izrailya\/\" rel=\"bookmark\">\u0421\u0432\u044f\u0442\u0430\u044f \u0445\u0443\u0446\u043f\u0430 \u0432\u0435\u0440\u044b \u0418\u0437\u0440\u0430\u0438\u043b\u044f<\/a><\/h4>\n<p>\t\t\t\t\t<a href=\"https:\/\/drelisblog.com\/ru\/pytalsya-li-bog-ubit-moiseya-ili-ego-syna-gershoma-i-pochemu\/\" title=\"\u041f\u044b\u0442\u0430\u043b\u0441\u044f \u043b\u0438 \u0411\u043e\u0433 \u0443\u0431\u0438\u0442\u044c \u041c\u043e\u0438\u0441\u0435\u044f \u0438\u043b\u0438 \u0435\u0433\u043e \u0441\u044b\u043d\u0430 \u0413\u0435\u0440\u0448\u043e\u043c\u0430, \u0438 \u043f\u043e\u0447\u0435\u043c\u0443?\"><br \/>\n\t\t\t<img width=\"420\" height=\"280\" src=\"https:\/\/drelisblog.com\/wp-content\/uploads\/2025\/05\/Moses-420x280.png\" alt=\"\" loading=\"lazy\" decoding=\"async\" \/>\t\t<\/a><br \/>\n\t\t<a href=\"https:\/\/drelisblog.com\/wp-admin\/post.php?post=9715&#038;action=edit&#038;lang=ru\">edit<\/a><br \/>\n\t<a href=\"https:\/\/drelisblog.com\/ru\/\u0440\u0443\u0431\u0440\u0438\u043a\u0430\/tora\/\" rel=\"category\">\u0422\u043e\u0440\u0430<\/a><\/p>\n<h4>\t\t<a href=\"https:\/\/drelisblog.com\/ru\/pytalsya-li-bog-ubit-moiseya-ili-ego-syna-gershoma-i-pochemu\/\" rel=\"bookmark\">\u041f\u044b\u0442\u0430\u043b\u0441\u044f \u043b\u0438 \u0411\u043e\u0433 \u0443\u0431\u0438\u0442\u044c \u041c\u043e\u0438\u0441\u0435\u044f \u0438\u043b\u0438 \u0435\u0433\u043e \u0441\u044b\u043d\u0430 \u0413\u0435\u0440\u0448\u043e\u043c\u0430, \u0438 \u043f\u043e\u0447\u0435\u043c\u0443?<\/a><\/h4>\n<p>\t\t\t\t\t<a href=\"https:\/\/drelisblog.com\/ru\/iskusstvo-perevoda-biblii-i-vstrechny\/\" title=\"\u0418\u0441\u043a\u0443\u0441\u0441\u0442\u0432\u043e \u043f\u0435\u0440\u0435\u0432\u043e\u0434\u0430 \u0411\u0438\u0431\u043b\u0438\u0438 \u0438 \u0432\u0441\u0442\u0440\u0435\u0447\u043d\u044b\u0435 \u0432\u044b\u0437\u043e\u0432\u044b\"><br \/>\n\t\t\t<img width=\"420\" height=\"280\" src=\"https:\/\/drelisblog.com\/wp-content\/uploads\/2025\/05\/Bible-420x280.png\" alt=\"\" loading=\"lazy\" decoding=\"async\" \/>\t\t<\/a><br \/>\n\t\t<a href=\"https:\/\/drelisblog.com\/wp-admin\/post.php?post=6359&#038;action=edit&#038;lang=ru\">edit<\/a><br \/>\n\t<a href=\"https:\/\/drelisblog.com\/ru\/\u0440\u0443\u0431\u0440\u0438\u043a\u0430\/ivrit\/\" rel=\"category\">\u0418\u0432\u0440\u0438\u0442<\/a><\/p>\n<h4>\t\t<a href=\"https:\/\/drelisblog.com\/ru\/iskusstvo-perevoda-biblii-i-vstrechny\/\" rel=\"bookmark\">\u0418\u0441\u043a\u0443\u0441\u0441\u0442\u0432\u043e \u043f\u0435\u0440\u0435\u0432\u043e\u0434\u0430 \u0411\u0438\u0431\u043b\u0438\u0438 \u0438 \u0432\u0441\u0442\u0440\u0435\u0447\u043d\u044b\u0435 \u0432\u044b\u0437\u043e\u0432\u044b<\/a><\/h4>\n<p>\t\t\t\t\t<a href=\"https:\/\/drelisblog.com\/ru\/kto-takie-syny-bozhi\/\" title=\"\u041a\u0442\u043e \u0442\u0430\u043a\u0438\u0435 \u0441\u044b\u043d\u044b \u0411\u043e\u0436\u044c\u0438?\"><br \/>\n\t\t\t<img width=\"420\" height=\"280\" src=\"https:\/\/drelisblog.com\/wp-content\/uploads\/2025\/05\/Sons-of-God-420x280.png\" alt=\"\" loading=\"lazy\" decoding=\"async\" \/>\t\t<\/a><br \/>\n\t\t<a href=\"https:\/\/drelisblog.com\/wp-admin\/post.php?post=6042&#038;action=edit&#038;lang=ru\">edit<\/a><br \/>\n\t<a href=\"https:\/\/drelisblog.com\/ru\/\u0440\u0443\u0431\u0440\u0438\u043a\u0430\/tora\/\" rel=\"category\">\u0422\u043e\u0440\u0430<\/a><\/p>\n<h4>\t\t<a href=\"https:\/\/drelisblog.com\/ru\/kto-takie-syny-bozhi\/\" rel=\"bookmark\">\u041a\u0442\u043e \u0442\u0430\u043a\u0438\u0435 \u0441\u044b\u043d\u044b \u0411\u043e\u0436\u044c\u0438?<\/a><\/h4>\n<p>\t\t\t\t\t<a href=\"https:\/\/drelisblog.com\/ru\/na-kom-zhenilsya-kajn\/\" title=\"\u041d\u0430 \u043a\u043e\u043c \u0436\u0435\u043d\u0438\u043b\u0441\u044f \u041a\u0430\u0438\u043d?\"><br \/>\n\t\t\t<img width=\"420\" height=\"280\" src=\"https:\/\/drelisblog.com\/wp-content\/uploads\/2025\/05\/CAIN-MARRIAGE-420x280.jpg\" alt=\"\" loading=\"lazy\" decoding=\"async\" \/>\t\t<\/a><br \/>\n\t\t<a href=\"https:\/\/drelisblog.com\/wp-admin\/post.php?post=5966&#038;action=edit&#038;lang=ru\">edit<\/a><br \/>\n\t<a href=\"https:\/\/drelisblog.com\/ru\/\u0440\u0443\u0431\u0440\u0438\u043a\u0430\/tora\/\" rel=\"category\">\u0422\u043e\u0440\u0430<\/a><\/p>\n<h4>\t\t<a href=\"https:\/\/drelisblog.com\/ru\/na-kom-zhenilsya-kajn\/\" rel=\"bookmark\">\u041d\u0430 \u043a\u043e\u043c \u0436\u0435\u043d\u0438\u043b\u0441\u044f \u041a\u0430\u0438\u043d?<\/a><\/h4>\n<p>\t\t\t\t\t<a href=\"https:\/\/drelisblog.com\/ru\/pochemu-iisus-nazval-yazychnikov-psami\/\" title=\"\u041f\u043e\u0447\u0435\u043c\u0443 \u0418\u0438\u0441\u0443\u0441 \u043d\u0430\u0437\u0432\u0430\u043b \u044f\u0437\u044b\u0447\u043d\u0438\u043a\u043e\u0432 \u043f\u0441\u0430\u043c\u0438?\"><br \/>\n\t\t\t<img width=\"320\" height=\"242\" src=\"https:\/\/drelisblog.com\/wp-content\/uploads\/2025\/05\/u7423123591_dog_is_begging_food_from_the_table_of_his_owners__313a74aa-ca17-4e41-a357-31cc376fd846_0.gif\" alt=\"\" loading=\"lazy\" decoding=\"async\" \/>\t\t<\/a><br \/>\n\t\t<a href=\"https:\/\/drelisblog.com\/wp-admin\/post.php?post=9595&#038;action=edit&#038;lang=ru\">edit<\/a><br \/>\n\t<a href=\"https:\/\/drelisblog.com\/ru\/\u0440\u0443\u0431\u0440\u0438\u043a\u0430\/evangeliya\/\" rel=\"category\">\u0415\u0432\u0430\u043d\u0433\u0435\u043b\u0438\u044f<\/a><\/p>\n<h4>\t\t<a href=\"https:\/\/drelisblog.com\/ru\/pochemu-iisus-nazval-yazychnikov-psami\/\" rel=\"bookmark\">\u041f\u043e\u0447\u0435\u043c\u0443 \u0418\u0438\u0441\u0443\u0441 \u043d\u0430\u0437\u0432\u0430\u043b \u044f\u0437\u044b\u0447\u043d\u0438\u043a\u043e\u0432 \u043f\u0441\u0430\u043c\u0438?<\/a><\/h4>\n<p>\t\t\t\t\t<a href=\"https:\/\/drelisblog.com\/ru\/yavlyaetsya-li-bibliya-monoteisticheskoj\/\" title=\"\u042f\u0432\u043b\u044f\u0435\u0442\u0441\u044f \u043b\u0438 \u0411\u0438\u0431\u043b\u0438\u044f \u043c\u043e\u043d\u043e\u0442\u0435\u0438\u0441\u0442\u0438\u0447\u0435\u0441\u043a\u043e\u0439?\"><br \/>\n\t\t\t<img width=\"420\" height=\"280\" src=\"https:\/\/drelisblog.com\/wp-content\/uploads\/2025\/05\/Gods-420x280.png\" alt=\"\" loading=\"lazy\" decoding=\"async\" \/>\t\t<\/a><br \/>\n\t\t<a href=\"https:\/\/drelisblog.com\/wp-admin\/post.php?post=9657&#038;action=edit&#038;lang=ru\">edit<\/a><br \/>\n\t<a href=\"https:\/\/drelisblog.com\/ru\/\u0440\u0443\u0431\u0440\u0438\u043a\u0430\/tora\/\" rel=\"category\">\u0422\u043e\u0440\u0430<\/a><\/p>\n<h4>\t\t<a href=\"https:\/\/drelisblog.com\/ru\/yavlyaetsya-li-bibliya-monoteisticheskoj\/\" rel=\"bookmark\">\u042f\u0432\u043b\u044f\u0435\u0442\u0441\u044f \u043b\u0438 \u0411\u0438\u0431\u043b\u0438\u044f \u043c\u043e\u043d\u043e\u0442\u0435\u0438\u0441\u0442\u0438\u0447\u0435\u0441\u043a\u043e\u0439?<\/a><\/h4>\n<p>\t\t\t\t\t<a href=\"https:\/\/drelisblog.com\/ru\/povestvovanie-o-pyanstve-noya-i-proklya\/\" title=\"\u041f\u043e\u0432\u0435\u0441\u0442\u0432\u043e\u0432\u0430\u043d\u0438\u0435 \u043e \u043f\u044c\u044f\u043d\u0441\u0442\u0432\u0435 \u041d\u043e\u044f \u0438 \u043f\u0440\u043e\u043a\u043b\u044f\u0442\u0438\u0438 \u0425\u0430\u043d\u0430\u0430\u043d\u0430\"><br \/>\n\t\t\t<img width=\"420\" height=\"280\" src=\"https:\/\/drelisblog.com\/wp-content\/uploads\/2025\/05\/Emptiness-420x280.png\" alt=\"\" loading=\"lazy\" decoding=\"async\" \/>\t\t<\/a><br \/>\n\t\t<a href=\"https:\/\/drelisblog.com\/wp-admin\/post.php?post=9596&#038;action=edit&#038;lang=ru\">edit<\/a><br \/>\n\t<a href=\"https:\/\/drelisblog.com\/ru\/\u0440\u0443\u0431\u0440\u0438\u043a\u0430\/tora\/\" rel=\"category\">\u0422\u043e\u0440\u0430<\/a><\/p>\n<h4>\t\t<a href=\"https:\/\/drelisblog.com\/ru\/povestvovanie-o-pyanstve-noya-i-proklya\/\" rel=\"bookmark\">\u041f\u043e\u0432\u0435\u0441\u0442\u0432\u043e\u0432\u0430\u043d\u0438\u0435 \u043e \u043f\u044c\u044f\u043d\u0441\u0442\u0432\u0435 \u041d\u043e\u044f \u0438 \u043f\u0440\u043e\u043a\u043b\u044f\u0442\u0438\u0438 \u0425\u0430\u043d\u0430\u0430\u043d\u0430<\/a><\/h4>\n","protected":false},"excerpt":{"rendered":"<p>\u041f\u043e\u0441\u043b\u0435\u0434\u043d\u0438\u0435 \u043c\u044b\u0441\u043b\u0438 edit \u0422\u043e\u0440\u0430 \u041f\u043e\u0441\u043b\u0435\u0434\u043d\u0438\u0439 \u0431\u0443\u0434\u0435\u0442 \u043f\u0435\u0440\u0432\u044b\u043c \u00e9couvrez comment Dieu renverse \u00e9tonnamment l&#8217;ordre \u00e9tabli. \u041d\u0435\u0434\u0430\u0432\u043d\u0438\u0435 \u043c\u044b\u0441\u043b\u0438 edit \u041c\u0430\u0440\u0438\u044f \u0414\u0435\u0439\u0441\u0442\u0432\u0438\u0442\u0435\u043b\u044c\u043d\u043e \u043b\u0438 \u041c\u0430\u0440\u0438\u044f \u043f\u0440\u0438\u0441\u0443\u0442\u0441\u0442\u0432\u0443\u0435\u0442 \u0432 \u043a\u043d\u0438\u0433\u0435 \u041e\u0442\u043a\u0440\u043e\u0432\u0435\u043d\u0438\u044f? \u0412 \u041a\u043d\u0438\u0433\u0435 \u041e\u0442\u043a\u0440\u043e\u0432\u0435\u043d\u0438\u044f, \u043a\u0430\u043a \u0441\u0447\u0438\u0442\u0430\u044e\u0442 \u043a\u0430\u0442\u043e\u043b\u0438\u043a\u0438 \u0438 \u043f\u0440\u0430\u0432\u043e\u0441\u043b\u0430\u0432\u043d\u044b\u0435 \u0445\u0440\u0438\u0441\u0442\u0438\u0430\u043d\u0435, \u0438\u0437\u043e\u0431\u0440\u0430\u0436\u0435\u043d\u0430 \u041c\u0430\u0440\u0438\u044f, \u041c\u0430\u0442\u0435\u0440\u044c&hellip; edit \u041c\u043e\u043b\u0438\u0442\u0432\u0430 \u0421\u0432\u044f\u0442\u0430\u044f \u043d\u0435\u043f\u0440\u0435\u043a\u043b\u043e\u043d\u043d\u043e\u0441\u0442\u044c \u041c\u043e\u0438\u0441\u0435\u044f \u0423\u0437\u043d\u0430\u0439\u0442\u0435, \u043a\u0430\u043a \u041c\u043e\u0438\u0441\u0435\u0439 \u043d\u0435 \u0441\u043e\u0433\u043b\u0430\u0441\u0438\u043b\u0441\u044f \u0441 \u0411\u043e\u0433\u043e\u043c, \u0431\u0440\u043e\u0441\u0438\u043b \u0415\u043c\u0443 \u0432\u044b\u0437\u043e\u0432 \u0438 \u043e\u0441\u0442\u0430\u043b\u0441\u044f&hellip; \u0411\u043e\u043b\u0435\u0435 [&hellip;]<\/p>\n","protected":false},"author":1,"featured_media":0,"parent":0,"menu_order":0,"comment_status":"open","ping_status":"closed","template":"page-templates\/page-main.php","meta":{"give_campaign_id":0,"footnotes":""},"class_list":["post-3007","page","type-page","status-publish"],"yoast_head":"<!-- This site is optimized with the Yoast SEO Premium plugin v26.3 (Yoast SEO v26.6) - https:\/\/yoast.com\/wordpress\/plugins\/seo\/ -->\n<title>\u0413\u043b\u0430\u0432\u043d\u0430\u044f - Jewish Studies for Christians<\/title>\n<meta name=\"robots\" content=\"noindex, follow, max-snippet:-1, max-image-preview:large, max-video-preview:-1\" \/>\n<script type=\"application\/ld+json\" class=\"yoast-schema-graph\">{\"@context\":\"https:\/\/schema.org\",\"@graph\":[{\"@type\":\"WebPage\",\"@id\":\"https:\/\/drelisblog.com\/ru\/\",\"url\":\"https:\/\/drelisblog.com\/ru\/\",\"name\":\"\u0413\u043b\u0430\u0432\u043d\u0430\u044f - Jewish Studies for Christians\",\"isPartOf\":{\"@id\":\"https:\/\/drelisblog.com\/#website\"},\"primaryImageOfPage\":{\"@id\":\"https:\/\/drelisblog.com\/ru\/#primaryimage\"},\"image\":{\"@id\":\"https:\/\/drelisblog.com\/ru\/#primaryimage\"},\"thumbnailUrl\":\"https:\/\/drelisblog.com\/wp-content\/uploads\/2025\/06\/u7423123591_disagreement_-ar_7758_-motion_low_-video_1_d6c517ed-c30e-4c2d-927e-2767eb51593c_3.gif\",\"datePublished\":\"2022-04-08T02:28:57+00:00\",\"dateModified\":\"2025-08-11T14:43:12+00:00\",\"breadcrumb\":{\"@id\":\"https:\/\/drelisblog.com\/ru\/#breadcrumb\"},\"inLanguage\":\"ru-RU\",\"potentialAction\":[{\"@type\":\"ReadAction\",\"target\":[\"https:\/\/drelisblog.com\/ru\/\"]}]},{\"@type\":\"ImageObject\",\"inLanguage\":\"ru-RU\",\"@id\":\"https:\/\/drelisblog.com\/ru\/#primaryimage\",\"url\":\"https:\/\/drelisblog.com\/wp-content\/uploads\/2025\/06\/u7423123591_disagreement_-ar_7758_-motion_low_-video_1_d6c517ed-c30e-4c2d-927e-2767eb51593c_3.gif\",\"contentUrl\":\"https:\/\/drelisblog.com\/wp-content\/uploads\/2025\/06\/u7423123591_disagreement_-ar_7758_-motion_low_-video_1_d6c517ed-c30e-4c2d-927e-2767eb51593c_3.gif\"},{\"@type\":\"BreadcrumbList\",\"@id\":\"https:\/\/drelisblog.com\/ru\/#breadcrumb\",\"itemListElement\":[{\"@type\":\"ListItem\",\"position\":1,\"name\":\"Home\",\"item\":\"https:\/\/drelisblog.com\/ru\/\"},{\"@type\":\"ListItem\",\"position\":2,\"name\":\"\u0413\u043b\u0430\u0432\u043d\u0430\u044f\"}]},{\"@type\":\"WebSite\",\"@id\":\"https:\/\/drelisblog.com\/#website\",\"url\":\"https:\/\/drelisblog.com\/\",\"name\":\"Dr Eli's Blog\",\"description\":\"\",\"publisher\":{\"@id\":\"https:\/\/drelisblog.com\/#\/schema\/person\/60f4a0c10ba754b71c7dc2ab8234ec98\"},\"potentialAction\":[{\"@type\":\"SearchAction\",\"target\":{\"@type\":\"EntryPoint\",\"urlTemplate\":\"https:\/\/drelisblog.com\/?s={search_term_string}\"},\"query-input\":{\"@type\":\"PropertyValueSpecification\",\"valueRequired\":true,\"valueName\":\"search_term_string\"}}],\"inLanguage\":\"ru-RU\"},{\"@type\":[\"Person\",\"Organization\"],\"@id\":\"https:\/\/drelisblog.com\/#\/schema\/person\/60f4a0c10ba754b71c7dc2ab8234ec98\",\"name\":\"Dr. Eli (Eliyahu) Lizorkin-Girzhel\",\"image\":{\"@type\":\"ImageObject\",\"inLanguage\":\"ru-RU\",\"@id\":\"https:\/\/drelisblog.com\/#\/schema\/person\/image\/\",\"url\":\"https:\/\/drelisblog.com\/wp-content\/uploads\/2025\/04\/logo-scaled.png\",\"contentUrl\":\"https:\/\/drelisblog.com\/wp-content\/uploads\/2025\/04\/logo-scaled.png\",\"width\":2560,\"height\":470,\"caption\":\"Dr. Eli (Eliyahu) Lizorkin-Girzhel\"},\"logo\":{\"@id\":\"https:\/\/drelisblog.com\/#\/schema\/person\/image\/\"},\"sameAs\":[\"https:\/\/drelisblog.com\"]}]}<\/script>\n<!-- \/ Yoast SEO Premium plugin. -->","yoast_head_json":{"title":"\u0413\u043b\u0430\u0432\u043d\u0430\u044f - Jewish Studies for Christians","robots":{"index":"noindex","follow":"follow","max-snippet":"max-snippet:-1","max-image-preview":"max-image-preview:large","max-video-preview":"max-video-preview:-1"},"schema":{"@context":"https:\/\/schema.org","@graph":[{"@type":"WebPage","@id":"https:\/\/drelisblog.com\/ru\/","url":"https:\/\/drelisblog.com\/ru\/","name":"\u0413\u043b\u0430\u0432\u043d\u0430\u044f - Jewish Studies for Christians","isPartOf":{"@id":"https:\/\/drelisblog.com\/#website"},"primaryImageOfPage":{"@id":"https:\/\/drelisblog.com\/ru\/#primaryimage"},"image":{"@id":"https:\/\/drelisblog.com\/ru\/#primaryimage"},"thumbnailUrl":"https:\/\/drelisblog.com\/wp-content\/uploads\/2025\/06\/u7423123591_disagreement_-ar_7758_-motion_low_-video_1_d6c517ed-c30e-4c2d-927e-2767eb51593c_3.gif","datePublished":"2022-04-08T02:28:57+00:00","dateModified":"2025-08-11T14:43:12+00:00","breadcrumb":{"@id":"https:\/\/drelisblog.com\/ru\/#breadcrumb"},"inLanguage":"ru-RU","potentialAction":[{"@type":"ReadAction","target":["https:\/\/drelisblog.com\/ru\/"]}]},{"@type":"ImageObject","inLanguage":"ru-RU","@id":"https:\/\/drelisblog.com\/ru\/#primaryimage","url":"https:\/\/drelisblog.com\/wp-content\/uploads\/2025\/06\/u7423123591_disagreement_-ar_7758_-motion_low_-video_1_d6c517ed-c30e-4c2d-927e-2767eb51593c_3.gif","contentUrl":"https:\/\/drelisblog.com\/wp-content\/uploads\/2025\/06\/u7423123591_disagreement_-ar_7758_-motion_low_-video_1_d6c517ed-c30e-4c2d-927e-2767eb51593c_3.gif"},{"@type":"BreadcrumbList","@id":"https:\/\/drelisblog.com\/ru\/#breadcrumb","itemListElement":[{"@type":"ListItem","position":1,"name":"Home","item":"https:\/\/drelisblog.com\/ru\/"},{"@type":"ListItem","position":2,"name":"\u0413\u043b\u0430\u0432\u043d\u0430\u044f"}]},{"@type":"WebSite","@id":"https:\/\/drelisblog.com\/#website","url":"https:\/\/drelisblog.com\/","name":"Dr Eli's Blog","description":"","publisher":{"@id":"https:\/\/drelisblog.com\/#\/schema\/person\/60f4a0c10ba754b71c7dc2ab8234ec98"},"potentialAction":[{"@type":"SearchAction","target":{"@type":"EntryPoint","urlTemplate":"https:\/\/drelisblog.com\/?s={search_term_string}"},"query-input":{"@type":"PropertyValueSpecification","valueRequired":true,"valueName":"search_term_string"}}],"inLanguage":"ru-RU"},{"@type":["Person","Organization"],"@id":"https:\/\/drelisblog.com\/#\/schema\/person\/60f4a0c10ba754b71c7dc2ab8234ec98","name":"Dr. Eli (Eliyahu) Lizorkin-Girzhel","image":{"@type":"ImageObject","inLanguage":"ru-RU","@id":"https:\/\/drelisblog.com\/#\/schema\/person\/image\/","url":"https:\/\/drelisblog.com\/wp-content\/uploads\/2025\/04\/logo-scaled.png","contentUrl":"https:\/\/drelisblog.com\/wp-content\/uploads\/2025\/04\/logo-scaled.png","width":2560,"height":470,"caption":"Dr. Eli (Eliyahu) Lizorkin-Girzhel"},"logo":{"@id":"https:\/\/drelisblog.com\/#\/schema\/person\/image\/"},"sameAs":["https:\/\/drelisblog.com"]}]}},"campaignId":"","_links":{"self":[{"href":"https:\/\/drelisblog.com\/ru\/wp-json\/wp\/v2\/pages\/3007","targetHints":{"allow":["GET"]}}],"collection":[{"href":"https:\/\/drelisblog.com\/ru\/wp-json\/wp\/v2\/pages"}],"about":[{"href":"https:\/\/drelisblog.com\/ru\/wp-json\/wp\/v2\/types\/page"}],"author":[{"embeddable":true,"href":"https:\/\/drelisblog.com\/ru\/wp-json\/wp\/v2\/users\/1"}],"replies":[{"embeddable":true,"href":"https:\/\/drelisblog.com\/ru\/wp-json\/wp\/v2\/comments?post=3007"}],"version-history":[{"count":0,"href":"https:\/\/drelisblog.com\/ru\/wp-json\/wp\/v2\/pages\/3007\/revisions"}],"wp:attachment":[{"href":"https:\/\/drelisblog.com\/ru\/wp-json\/wp\/v2\/media?parent=3007"}],"curies":[{"name":"wp","href":"https:\/\/api.w.org\/{rel}","templated":true}]}}